{"id":9724,"date":"2024-11-14T14:29:16","date_gmt":"2024-11-14T19:29:16","guid":{"rendered":"https:\/\/terra-boreal.com\/?post_type=product&#038;p=9724"},"modified":"2025-03-13T21:02:24","modified_gmt":"2025-03-14T01:02:24","slug":"orange-energie-femelle-argousier","status":"publish","type":"product","link":"https:\/\/terra-boreal.com\/en\/produit\/orange-energie-femelle-argousier\/","title":{"rendered":"Orange \u00c9nergie (Femelle)- Argousier"},"content":{"rendered":"<h2>Orange \u00c9nergie (Femelle)<\/h2>\n<p>&nbsp;<\/p>\n<p>* <a href=\"https:\/\/terra-boreal.com\/wp-content\/uploads\/2023\/03\/Fiche-descriptive-de-largousier.pdf\" target=\"_blank\" rel=\"noopener\">Guide de culture argousier<\/a><\/p>\n<p>&nbsp;<\/p>\n<p>L&#8217;argousier est un magnifique arbuste portant des fruits oranges tr\u00e8s serr\u00e9s sur une grande partie des branches.<\/p>\n<p>&nbsp;<\/p>\n<p>L\u2019argousier Orange \u00c9nergie a de larges branches lat\u00e9rales, moyennement \u00e9pineuses. Il produit une abondance de gros fruits orange clair dont le taux en sucre est \u00e9lev\u00e9. La r\u00e9colte est si grande en septembre que l\u2019arbuste devient compl\u00e8tement orange! Cela facilite la r\u00e9colte \u00e0 la main.<\/p>\n<p>&nbsp;<\/p>\n<p>Pour produire des fruits, de un \u00e0 sept plant-femelle doivent \u00eatre plant\u00e9s \u00e0 proximit\u00e9 d&#8217;au moins un plant m\u00e2le (Lord).<\/p>\n<p>&nbsp;<\/p>\n<p>Zone de rusticit\u00e9 : 3<\/p>\n<p>Hauteur : 2 \u00e0 2.5 m\u00e8tres<\/p>\n<p>Largeur : 2 m\u00e8tres<\/p>\n<p>P\u00e9riode de fleuraison : Mai<\/p>\n<p>P\u00e9riode de r\u00e9colte des fruits : Septembre<\/p>\n<p>Type de sol : Tout type de sol bien drain\u00e9, il peut m\u00eame \u00eatre sec.<\/p>\n<p>Cette vari\u00e9t\u00e9 n\u00e9cessite un plant m\u00e2le pour une produire des fruits : <a href=\"http:\/\/terra-boreal.com\/produit\/argousier-pollmix\/\">Argousier Pollmix<\/a><\/p>\n<p>Pour en apprendre plus sur l&#8217;argousier au Qu\u00e9bec : <a href=\"http:\/\/www.argousier.qc.ca\/stock\/fra\/Argousier%2024%20f%C3%A9vrier%202011.pdf\" target=\"_blank\" rel=\"noopener noreferrer\">Recherche Martin Tr\u00e9panier<\/a><\/p>\n","protected":false},"excerpt":{"rendered":"<p>Orange \u00c9nergie (Femelle) &nbsp; * Guide de culture argousier &nbsp; L&#8217;argousier est un magnifique arbuste portant des fruits oranges tr\u00e8s serr\u00e9s sur une grande partie des branches. &nbsp; L\u2019argousier Orange \u00c9nergie a de larges branches lat\u00e9rales, moyennement \u00e9pineuses. Il produit une abondance de gros fruits orange clair dont le taux en sucre est \u00e9lev\u00e9. La [&hellip;]<\/p>\n","protected":false},"featured_media":9726,"comment_status":"open","ping_status":"closed","template":"","meta":{"_acf_changed":false},"product_brand":[],"product_cat":[397,399,417,132],"product_tag":[355,356,357,244,358],"giftcard-category":[],"class_list":{"0":"post-9724","1":"product","2":"type-product","3":"status-publish","4":"has-post-thumbnail","6":"product_cat-zone-3b-en","7":"product_cat-zone-4-en","8":"product_cat-4-zone-5-en","9":"product_cat-sea-buckthorn","10":"product_tag-argouse-en","11":"product_tag-haie-brise-vent-en","12":"product_tag-orange-en","13":"product_tag-processing-en","14":"product_tag-vitamine-c-en","16":"first","17":"outofstock","18":"taxable","19":"shipping-taxable","20":"purchasable","21":"product-type-simple"},"acf":[],"aioseo_notices":[],"jetpack_sharing_enabled":true,"_links":{"self":[{"href":"https:\/\/terra-boreal.com\/en\/wp-json\/wp\/v2\/product\/9724","targetHints":{"allow":["GET"]}}],"collection":[{"href":"https:\/\/terra-boreal.com\/en\/wp-json\/wp\/v2\/product"}],"about":[{"href":"https:\/\/terra-boreal.com\/en\/wp-json\/wp\/v2\/types\/product"}],"replies":[{"embeddable":true,"href":"https:\/\/terra-boreal.com\/en\/wp-json\/wp\/v2\/comments?post=9724"}],"wp:featuredmedia":[{"embeddable":true,"href":"https:\/\/terra-boreal.com\/en\/wp-json\/wp\/v2\/media\/9726"}],"wp:attachment":[{"href":"https:\/\/terra-boreal.com\/en\/wp-json\/wp\/v2\/media?parent=9724"}],"wp:term":[{"taxonomy":"product_brand","embeddable":true,"href":"https:\/\/terra-boreal.com\/en\/wp-json\/wp\/v2\/product_brand?post=9724"},{"taxonomy":"product_cat","embeddable":true,"href":"https:\/\/terra-boreal.com\/en\/wp-json\/wp\/v2\/product_cat?post=9724"},{"taxonomy":"product_tag","embeddable":true,"href":"https:\/\/terra-boreal.com\/en\/wp-json\/wp\/v2\/product_tag?post=9724"},{"taxonomy":"giftcard-category","embeddable":true,"href":"https:\/\/terra-boreal.com\/en\/wp-json\/wp\/v2\/giftcard-category?post=9724"}],"curies":[{"name":"wp","href":"https:\/\/api.w.org\/{rel}","templated":true}]}}